{"id":522,"date":"2024-04-10T08:39:47","date_gmt":"2024-04-10T06:39:47","guid":{"rendered":"https:\/\/dev.hnc-controlling.de\/?page_id=522"},"modified":"2024-09-23T13:55:04","modified_gmt":"2024-09-23T11:55:04","slug":"unternehmen","status":"publish","type":"page","link":"https:\/\/hnc-controlling.de\/en\/unternehmen\/","title":{"rendered":"Company"},"content":{"rendered":"<p>[et_pb_section fb_built=&#8220;1&#8243; admin_label=&#8220;Sektion&#8220; _builder_version=&#8220;4.25.2&#8243; _module_preset=&#8220;default&#8220; background_color=&#8220;#d1d1d1&#8243; min_height=&#8220;300px&#8220; custom_margin=&#8220;||||false|false&#8220; custom_padding=&#8220;||26px|||&#8220; global_colors_info=&#8220;{}&#8220;][et_pb_row column_structure=&#8220;1_3,1_3,1_3&#8243; use_custom_gutter=&#8220;on&#8220; gutter_width=&#8220;1&#8243; make_equal=&#8220;on&#8220; _builder_version=&#8220;4.25.2&#8243; _module_preset=&#8220;default&#8220; background_color=&#8220;#eaebeb&#8220; max_height=&#8220;1000px&#8220; custom_margin=&#8220;|auto||auto|false|false&#8220; custom_padding=&#8220;0px|0px|0px|0px|false|false&#8220; border_radii=&#8220;on|10px|10px|10px|10px&#8220; border_width_all=&#8220;25px&#8220; border_color_all=&#8220;#eaebeb&#8220; global_colors_info=&#8220;{}&#8220;][et_pb_column type=&#8220;1_3&#8243; _builder_version=&#8220;4.24.2&#8243; _module_preset=&#8220;default&#8220; global_colors_info=&#8220;{}&#8220;][et_pb_text _builder_version=&#8220;4.25.2&#8243; _module_preset=&#8220;default&#8220; text_text_color=&#8220;#FFFFFF&#8220; text_line_height=&#8220;1.3em&#8220; header_text_color=&#8220;#FFFFFF&#8220; header_font_size=&#8220;39px&#8220; header_2_text_color=&#8220;#FFFFFF&#8220; header_2_font_size=&#8220;32px&#8220; header_5_font=&#8220;|600|||||||&#8220; header_5_text_color=&#8220;#FFFFFF&#8220; header_5_line_height=&#8220;2.4em&#8220; height=&#8220;100%&#8220; custom_margin=&#8220;0px|8px|-180px|0px|false|false&#8220; custom_padding=&#8220;5%|28px|20.5%|40px|false|false&#8220; border_radii=&#8220;on|10px|10px|10px|10px&#8220; global_colors_info=&#8220;{}&#8220; background_color=&#8220;#004899&#8243;]<\/p>\n<h1><strong>HNC<\/strong><\/h1>\n<h5><strong>Expertise in railway applications<\/strong><\/h5>\n<p>&nbsp;<\/p>\n<p>Controlling and operation of passenger information systems is more important than ever.<\/p>\n<p>HNC hardware and software supports these systems on stations and in trains.<\/p>\n<p>[\/et_pb_text][\/et_pb_column][et_pb_column type=&#8220;1_3&#8243; _builder_version=&#8220;4.24.2&#8243; _module_preset=&#8220;default&#8220; global_colors_info=&#8220;{}&#8220;][et_pb_image src=&#8220;https:\/\/hnc-controlling.de\/wp-content\/uploads\/2024\/06\/HNC_Firma_NEU.jpg&#8220; title_text=&#8220;HNC_Firma_NEU&#8220; _builder_version=&#8220;4.27.0&#8243; _module_preset=&#8220;default&#8220; custom_margin=&#8220;|0px||0px|false|false&#8220; custom_padding=&#8220;0px|5px|3px||false|false&#8220; border_radii=&#8220;on|10px|10px|10px|10px&#8220; global_colors_info=&#8220;{}&#8220;][\/et_pb_image][\/et_pb_column][et_pb_column type=&#8220;1_3&#8243; _builder_version=&#8220;4.24.2&#8243; _module_preset=&#8220;default&#8220; global_colors_info=&#8220;{}&#8220;][et_pb_image src=&#8220;https:\/\/hnc-controlling.de\/wp-content\/uploads\/2024\/06\/HNC_Bueroflaechen_NEU.jpg&#8220; title_text=&#8220;HNC_Bueroflaechen_NEU&#8220; _builder_version=&#8220;4.27.0&#8243; _module_preset=&#8220;default&#8220; custom_margin=&#8220;|0px|0px|0px|false|false&#8220; custom_padding=&#8220;0px||0px|3px|false|false&#8220; border_radii=&#8220;on|10px|10px|10px|10px&#8220; global_colors_info=&#8220;{}&#8220;][\/et_pb_image][\/et_pb_column][\/et_pb_row][\/et_pb_section][et_pb_section fb_built=&#8220;1&#8243; _builder_version=&#8220;4.25.2&#8243; _module_preset=&#8220;default&#8220; background_color=&#8220;#d1d1d1&#8243; custom_padding=&#8220;27px|||||&#8220; global_colors_info=&#8220;{}&#8220;][et_pb_row _builder_version=&#8220;4.25.2&#8243; _module_preset=&#8220;default&#8220; background_color=&#8220;#e4e4e4&#8243; custom_margin=&#8220;||-10px||false|false&#8220; custom_padding=&#8220;0px|0px|0px|0px|false|false&#8220; border_radii=&#8220;on|10px|10px|10px|10px&#8220; border_width_all=&#8220;25px&#8220; border_color_all=&#8220;#eaebeb&#8220; box_shadow_style=&#8220;preset3&#8243; global_colors_info=&#8220;{}&#8220;][et_pb_column type=&#8220;4_4&#8243; _builder_version=&#8220;4.24.3&#8243; _module_preset=&#8220;default&#8220; global_colors_info=&#8220;{}&#8220;][et_pb_text _builder_version=&#8220;4.25.2&#8243; _module_preset=&#8220;default&#8220; header_font=&#8220;|600|||||||&#8220; header_font_size=&#8220;33px&#8220; background_color=&#8220;#E4E4E4&#8243; custom_margin=&#8220;0px||-1px||false|false&#8220; custom_padding=&#8220;50px||25px|50px|false|false&#8220; global_colors_info=&#8220;{}&#8220;]<\/p>\n<h1><strong>Intelligent Communication<\/strong><\/h1>\n<p>[\/et_pb_text][\/et_pb_column][\/et_pb_row][et_pb_row column_structure=&#8220;1_2,1_2&#8243; _builder_version=&#8220;4.25.2&#8243; _module_preset=&#8220;default&#8220; background_color=&#8220;#e4e4e4&#8243; custom_margin=&#8220;-90px||0px||false|false&#8220; custom_padding=&#8220;|||50px|false|false&#8220; border_radii=&#8220;on|10px|10px|10px|10px&#8220; border_width_all=&#8220;25px&#8220; border_color_all=&#8220;#eaebeb&#8220; global_colors_info=&#8220;{}&#8220;][et_pb_column type=&#8220;1_2&#8243; _builder_version=&#8220;4.25.2&#8243; _module_preset=&#8220;default&#8220; global_colors_info=&#8220;{}&#8220;][et_pb_image src=&#8220;https:\/\/hnc-controlling.de\/wp-content\/uploads\/2024\/08\/Bildschirmfoto-2024-08-29-um-09.37.00.png&#8220; title_text=&#8220;Bildschirmfoto 2024-08-29 um 09.37.00&#8243; _builder_version=&#8220;4.27.0&#8243; _module_preset=&#8220;default&#8220; global_colors_info=&#8220;{}&#8220;][\/et_pb_image][\/et_pb_column][et_pb_column type=&#8220;1_2&#8243; _builder_version=&#8220;4.25.2&#8243; _module_preset=&#8220;default&#8220; global_colors_info=&#8220;{}&#8220;][et_pb_text _builder_version=&#8220;4.25.2&#8243; _module_preset=&#8220;default&#8220; max_height=&#8220;1000px&#8220; custom_padding=&#8220;|25px|0px||false|false&#8220; global_colors_info=&#8220;{}&#8220;]<\/p>\n<p class=\"p1\"><strong>HNC develops hardware and software for a wide variety of economic sectors in which object recognition is important.<\/strong><\/p>\n<p class=\"p1\">The integration of the products and further processing takes place via various interfaces that are made available in the device, depending on the specifications.<\/p>\n<p class=\"p1\">Years of collaboration with our customers confirm our quality and know-how, combined with optimal results and perfect communication in the area of \u200b\u200bobject recognition.<\/p>\n<p class=\"p1\">We look forward to hearing from you by email or by phone at +(49) 2 77 8 \/ 919 000.<\/p>\n<p>[\/et_pb_text][\/et_pb_column][\/et_pb_row][\/et_pb_section][et_pb_section fb_built=&#8220;1&#8243; admin_label=&#8220;Sektion&#8220; _builder_version=&#8220;4.25.2&#8243; _module_preset=&#8220;default&#8220; background_color=&#8220;#d1d1d1&#8243; custom_margin=&#8220;||||false|false&#8220; global_colors_info=&#8220;{}&#8220;][et_pb_row _builder_version=&#8220;4.25.2&#8243; _module_preset=&#8220;default&#8220; background_color=&#8220;#eaebeb&#8220; custom_margin=&#8220;-79px||||false|false&#8220; custom_padding=&#8220;0px|0px|0px|0px|false|false&#8220; border_radii=&#8220;on|10px|10px|10px|10px&#8220; border_width_all=&#8220;25px&#8220; border_color_all=&#8220;#eaebeb&#8220; box_shadow_style=&#8220;preset3&#8243; global_colors_info=&#8220;{}&#8220;][et_pb_column type=&#8220;4_4&#8243; _builder_version=&#8220;4.24.3&#8243; _module_preset=&#8220;default&#8220; global_colors_info=&#8220;{}&#8220;][et_pb_text _builder_version=&#8220;4.27.0&#8243; _module_preset=&#8220;default&#8220; text_text_color=&#8220;#FFFFFF&#8220; header_text_color=&#8220;#FFFFFF&#8220; header_font_size=&#8220;57px&#8220; header_2_text_color=&#8220;#FFFFFF&#8220; header_2_font_size=&#8220;53px&#8220; background_image=&#8220;https:\/\/hnc-controlling.de\/wp-content\/uploads\/2023\/11\/IMG_0273-scaled.jpg&#8220; custom_margin=&#8220;25px||0px||false|false&#8220; custom_padding=&#8220;200px|50px|50px|50px|false|false&#8220; text_text_shadow_style=&#8220;preset4&#8243; border_radii=&#8220;on|25px|25px|25px|25px&#8220; global_colors_info=&#8220;{}&#8220;]<\/p>\n<p>Highest quality as standard<\/p>\n<p>&nbsp;<\/p>\n<h2>Your decision for proven quality<\/h2>\n<h1><strong>HNC<\/strong><\/h1>\n<p>&nbsp;<\/p>\n<p>[\/et_pb_text][\/et_pb_column][\/et_pb_row][\/et_pb_section]<\/p>","protected":false},"excerpt":{"rendered":"<p>HNC Kompetenz in Sachen Bahnanwendungen &nbsp; Die Steuerung und Bedienung von Systemen der Reisenden Information ist wichtiger denn je. HNC Hardware und Software unterst\u00fctzt diese Systeme auf Bahnh\u00f6fen und in Z\u00fcgen.INTELLIGENTE KOMMUNIKATIONHNC entwickelt Hard- und Software f\u00fcr unterschiedlichste Wirtschaftsbereiche in denen Objekterkennung von Bedeutung ist. Die Einbindung der Produkte und die Weiterverarbeitung erfolgt \u00fcber verschiedene [&hellip;]<\/p>","protected":false},"author":1,"featured_media":0,"parent":0,"menu_order":0,"comment_status":"closed","ping_status":"closed","template":"","meta":{"_et_pb_use_builder":"on","_et_pb_old_content":"","_et_gb_content_width":"","footnotes":""},"class_list":["post-522","page","type-page","status-publish","hentry"],"_links":{"self":[{"href":"https:\/\/hnc-controlling.de\/en\/wp-json\/wp\/v2\/pages\/522","targetHints":{"allow":["GET"]}}],"collection":[{"href":"https:\/\/hnc-controlling.de\/en\/wp-json\/wp\/v2\/pages"}],"about":[{"href":"https:\/\/hnc-controlling.de\/en\/wp-json\/wp\/v2\/types\/page"}],"author":[{"embeddable":true,"href":"https:\/\/hnc-controlling.de\/en\/wp-json\/wp\/v2\/users\/1"}],"replies":[{"embeddable":true,"href":"https:\/\/hnc-controlling.de\/en\/wp-json\/wp\/v2\/comments?post=522"}],"version-history":[{"count":33,"href":"https:\/\/hnc-controlling.de\/en\/wp-json\/wp\/v2\/pages\/522\/revisions"}],"predecessor-version":[{"id":987494200,"href":"https:\/\/hnc-controlling.de\/en\/wp-json\/wp\/v2\/pages\/522\/revisions\/987494200"}],"wp:attachment":[{"href":"https:\/\/hnc-controlling.de\/en\/wp-json\/wp\/v2\/media?parent=522"}],"curies":[{"name":"wp","href":"https:\/\/api.w.org\/{rel}","templated":true}]}}