{"id":513,"date":"2024-04-10T08:38:00","date_gmt":"2024-04-10T06:38:00","guid":{"rendered":"https:\/\/dev.hnc-controlling.de\/?page_id=513"},"modified":"2024-09-23T13:59:48","modified_gmt":"2024-09-23T11:59:48","slug":"downloads","status":"publish","type":"page","link":"https:\/\/hnc-controlling.de\/en\/downloads\/","title":{"rendered":"Downloads"},"content":{"rendered":"<p>[et_pb_section fb_built=&#8220;1&#8243; admin_label=&#8220;Sektion&#8220; _builder_version=&#8220;4.25.2&#8243; _module_preset=&#8220;default&#8220; background_color=&#8220;#d1d1d1&#8243; min_height=&#8220;300px&#8220; custom_margin=&#8220;||||false|false&#8220; global_colors_info=&#8220;{}&#8220;][et_pb_row column_structure=&#8220;1_3,1_3,1_3&#8243; use_custom_gutter=&#8220;on&#8220; gutter_width=&#8220;1&#8243; make_equal=&#8220;on&#8220; _builder_version=&#8220;4.25.2&#8243; _module_preset=&#8220;default&#8220; background_color=&#8220;#eaebeb&#8220; max_height=&#8220;1000px&#8220; custom_margin=&#8220;|auto||auto|false|false&#8220; custom_padding=&#8220;0px|0px|0px|0px|false|false&#8220; border_radii=&#8220;on|10px|10px|10px|10px&#8220; border_width_all=&#8220;25px&#8220; border_color_all=&#8220;#eaebeb&#8220; global_colors_info=&#8220;{}&#8220;][et_pb_column type=&#8220;1_3&#8243; _builder_version=&#8220;4.24.2&#8243; _module_preset=&#8220;default&#8220; global_colors_info=&#8220;{}&#8220;][et_pb_text _builder_version=&#8220;4.25.2&#8243; _module_preset=&#8220;default&#8220; text_text_color=&#8220;#FFFFFF&#8220; text_line_height=&#8220;1.3em&#8220; header_text_color=&#8220;#FFFFFF&#8220; header_font_size=&#8220;39px&#8220; header_2_text_color=&#8220;#FFFFFF&#8220; header_2_font_size=&#8220;32px&#8220; header_5_font=&#8220;|600|||||||&#8220; header_5_text_color=&#8220;#FFFFFF&#8220; header_5_line_height=&#8220;2.4em&#8220; background_color=&#8220;#004899&#8243; height=&#8220;100%&#8220; custom_margin=&#8220;0px|8px|-180px|0px|false|false&#8220; custom_padding=&#8220;5%|28px|20.5%|40px|false|false&#8220; border_radii=&#8220;on|10px|10px|10px|10px&#8220; global_colors_info=&#8220;{}&#8220;]<\/p>\n<h1><strong>HNC<\/strong><\/h1>\n<h5><strong>Expertise in railway applications<\/strong><\/h5>\n<p>&nbsp;<\/p>\n<p>Controlling and operation of passenger information systems is more important than ever.<\/p>\n<p>HNC hardware and software supports these systems on stations and in trains.<\/p>\n<p>[\/et_pb_text][\/et_pb_column][et_pb_column type=&#8220;1_3&#8243; _builder_version=&#8220;4.24.2&#8243; _module_preset=&#8220;default&#8220; global_colors_info=&#8220;{}&#8220;][et_pb_image src=&#8220;https:\/\/hnc-controlling.de\/wp-content\/uploads\/2024\/06\/HNC_Firma_NEU.jpg&#8220; title_text=&#8220;HNC_Firma_NEU&#8220; _builder_version=&#8220;4.27.0&#8243; _module_preset=&#8220;default&#8220; custom_margin=&#8220;|0px||0px|false|false&#8220; custom_padding=&#8220;0px|5px|3px||false|false&#8220; border_radii=&#8220;on|10px|10px|10px|10px&#8220; global_colors_info=&#8220;{}&#8220;][\/et_pb_image][\/et_pb_column][et_pb_column type=&#8220;1_3&#8243; _builder_version=&#8220;4.24.2&#8243; _module_preset=&#8220;default&#8220; global_colors_info=&#8220;{}&#8220;][et_pb_image src=&#8220;https:\/\/hnc-controlling.de\/wp-content\/uploads\/2024\/06\/HNC_Bueroflaechen_NEU.jpg&#8220; title_text=&#8220;HNC_Bueroflaechen_NEU&#8220; _builder_version=&#8220;4.27.0&#8243; _module_preset=&#8220;default&#8220; custom_margin=&#8220;|0px|0px|0px|false|false&#8220; custom_padding=&#8220;0px||0px|3px|false|false&#8220; border_radii=&#8220;on|10px|10px|10px|10px&#8220; global_colors_info=&#8220;{}&#8220;][\/et_pb_image][\/et_pb_column][\/et_pb_row][et_pb_row column_structure=&#8220;1_2,1_2&#8243; admin_label=&#8220;Zeile&#8220; _builder_version=&#8220;4.25.2&#8243; _module_preset=&#8220;default&#8220; background_color=&#8220;#FFFFFF&#8220; custom_margin=&#8220;50px|auto||auto|false|false&#8220; custom_padding=&#8220;10px|25px|17px|25px|false|false&#8220; border_radii=&#8220;off|10px|10px||&#8220; border_width_all=&#8220;25px&#8220; border_color_all=&#8220;#eaebeb&#8220; border_width_bottom=&#8220;0px&#8220; global_colors_info=&#8220;{}&#8220;][et_pb_column type=&#8220;1_2&#8243; _builder_version=&#8220;4.24.2&#8243; _module_preset=&#8220;default&#8220; global_colors_info=&#8220;{}&#8220;][et_pb_text _builder_version=&#8220;4.25.2&#8243; _module_preset=&#8220;default&#8220; header_font=&#8220;|600|||||||&#8220; header_font_size=&#8220;54px&#8220; background_enable_color=&#8220;off&#8220; custom_margin=&#8220;||||false|false&#8220; custom_padding=&#8220;30px||50px|50px|false|false&#8220; global_colors_info=&#8220;{}&#8220;]<\/p>\n<h1>Downloads<\/h1>\n<p>[\/et_pb_text][\/et_pb_column][et_pb_column type=&#8220;1_2&#8243; _builder_version=&#8220;4.24.2&#8243; _module_preset=&#8220;default&#8220; global_colors_info=&#8220;{}&#8220;][et_pb_text _builder_version=&#8220;4.25.2&#8243; _module_preset=&#8220;default&#8220; header_font=&#8220;|600|||||||&#8220; header_text_color=&#8220;#FFFFFF&#8220; header_font_size=&#8220;54px&#8220; background_enable_color=&#8220;off&#8220; custom_margin=&#8220;||||false|false&#8220; custom_padding=&#8220;30px||50px|50px|false|false&#8220; global_colors_info=&#8220;{}&#8220;]<\/p>\n<h1>Download<\/h1>\n<p>[\/et_pb_text][\/et_pb_column][\/et_pb_row][et_pb_row column_structure=&#8220;1_3,1_3,1_3&#8243; admin_label=&#8220;Zeile&#8220; _builder_version=&#8220;4.25.2&#8243; _module_preset=&#8220;default&#8220; background_color=&#8220;#FFFFFF&#8220; custom_margin=&#8220;|auto||auto|false|false&#8220; custom_padding=&#8220;10px|25px|50px|25px|false|false&#8220; border_radii=&#8220;off||||&#8220; border_width_all=&#8220;25px&#8220; border_color_all=&#8220;#eaebeb&#8220; border_width_top=&#8220;0px&#8220; global_colors_info=&#8220;{}&#8220;][et_pb_column type=&#8220;1_3&#8243; _builder_version=&#8220;4.25.2&#8243; _module_preset=&#8220;default&#8220; border_width_right=&#8220;2px&#8220; border_color_right=&#8220;#004899&#8243; global_colors_info=&#8220;{}&#8220;][et_pb_button button_url=&#8220;https:\/\/hnc-controlling.de\/wp-content\/uploads\/2024\/09\/HNC_ZHS1_USMW_RS485.pdf&#8220; url_new_window=&#8220;on&#8220; button_text=&#8220;ZHS1 USMW RS485 deutsch&#8220; button_alignment=&#8220;center&#8220; admin_label=&#8220;Button &#8211; 74&#8243; module_class=&#8220;downloadButton&#8220; _builder_version=&#8220;4.27.0&#8243; _module_preset=&#8220;default&#8220; custom_button=&#8220;on&#8220; button_text_color=&#8220;#0A0A0A&#8220; button_bg_color=&#8220;#eaebeb&#8220; button_border_width=&#8220;0px&#8220; button_border_radius=&#8220;10px&#8220; custom_margin=&#8220;|10px|||false|false&#8220; custom_padding=&#8220;15px||15px||true|true&#8220; hover_enabled=&#8220;0&#8243; custom_css_before=&#8220;content: %22%22;||    background: #004899;||    width: 4px;||    height: 40%;||    transform: translateY(-50%);||    position: absolute;||    top: 50%;||    right: 0;||    z-index: -1;opacity:1 !important;||margin:0 !important;||display:block;||    transition: all 0.3s;&#8220; custom_css_main_element=&#8220;position: relative;||    z-index: 1;||    transition: all 0.3s ease 0.1s;&#8220; custom_css_after=&#8220;content: %22%22;||    background: #004899;||    width: 4px;||    height: 40%;||    transform: translateY(-50%) rotate(-90deg);||    position: absolute;||    top: 50%;||    right: 0;||    z-index: -1;opacity:1;||margin:0 !important;||display:block;||    transition: all 0.3s;&#8220; global_colors_info=&#8220;{}&#8220; custom_css_after__hover_enabled=&#8220;on|hover&#8220; custom_css_after__hover=&#8220;opacity: 0 !important;||    transform: rotate(0);&#8220; custom_css_before__hover_enabled=&#8220;on|hover&#8220; custom_css_before__hover=&#8220; background: #004899;||    width: 100%;||    height: 100%;||    transition-delay: 0.1s;&#8220; button_text_color__hover_enabled=&#8220;on|hover&#8220; button_text_color__hover=&#8220;#FFFFFF&#8220; sticky_enabled=&#8220;0&#8243;][\/et_pb_button][et_pb_button button_url=&#8220;https:\/\/hnc-controlling.de\/wp-content\/uploads\/2024\/09\/HNC_ZHS3_USMW_ETH.pdf&#8220; url_new_window=&#8220;on&#8220; button_text=&#8220;ZHS3 USMW ETH deutsch&#8220; button_alignment=&#8220;center&#8220; admin_label=&#8220;Button &#8211; 74&#8243; module_class=&#8220;downloadButton&#8220; _builder_version=&#8220;4.27.0&#8243; _module_preset=&#8220;default&#8220; custom_button=&#8220;on&#8220; button_text_color=&#8220;#0A0A0A&#8220; button_bg_color=&#8220;#eaebeb&#8220; button_border_width=&#8220;0px&#8220; button_border_radius=&#8220;10px&#8220; custom_margin=&#8220;|10px|||false|false&#8220; custom_padding=&#8220;15px||15px||true|true&#8220; hover_enabled=&#8220;0&#8243; custom_css_before=&#8220;content: %22%22;||    background: #004899;||    width: 4px;||    height: 40%;||    transform: translateY(-50%);||    position: absolute;||    top: 50%;||    right: 0;||    z-index: -1;opacity:1 !important;||margin:0 !important;||display:block;||    transition: all 0.3s;&#8220; custom_css_main_element=&#8220;position: relative;||    z-index: 1;||    transition: all 0.3s ease 0.1s;&#8220; custom_css_after=&#8220;content: %22%22;||    background: #004899;||    width: 4px;||    height: 40%;||    transform: translateY(-50%) rotate(-90deg);||    position: absolute;||    top: 50%;||    right: 0;||    z-index: -1;opacity:1;||margin:0 !important;||display:block;||    transition: all 0.3s;&#8220; global_colors_info=&#8220;{}&#8220; custom_css_after__hover_enabled=&#8220;on|hover&#8220; custom_css_after__hover=&#8220;opacity: 0 !important;||    transform: rotate(0);&#8220; custom_css_before__hover_enabled=&#8220;on|hover&#8220; custom_css_before__hover=&#8220; background: #004899;||    width: 100%;||    height: 100%;||    transition-delay: 0.1s;&#8220; button_text_color__hover_enabled=&#8220;on|hover&#8220; button_text_color__hover=&#8220;#FFFFFF&#8220; sticky_enabled=&#8220;0&#8243;][\/et_pb_button][et_pb_button button_url=&#8220;https:\/\/hnc-controlling.de\/wp-content\/uploads\/2024\/09\/HNC_ZHS1_Installationsanleitung_3.0.pdf&#8220; url_new_window=&#8220;on&#8220; button_text=&#8220;ZHS Inst. deutsch&#8220; button_alignment=&#8220;center&#8220; admin_label=&#8220;Button &#8211; 74&#8243; module_class=&#8220;downloadButton&#8220; _builder_version=&#8220;4.27.0&#8243; _module_preset=&#8220;default&#8220; custom_button=&#8220;on&#8220; button_text_color=&#8220;#0A0A0A&#8220; button_bg_color=&#8220;#eaebeb&#8220; button_border_width=&#8220;0px&#8220; button_border_radius=&#8220;10px&#8220; custom_margin=&#8220;|10px|||false|false&#8220; custom_padding=&#8220;33px||||false|true&#8220; hover_enabled=&#8220;0&#8243; custom_css_before=&#8220;content: %22%22;||    background: #004899;||    width: 4px;||    height: 40%;||    transform: translateY(-50%);||    position: absolute;||    top: 50%;||    right: 0;||    z-index: -1;opacity:1 !important;||margin:0 !important;||display:block;||    transition: all 0.3s;&#8220; custom_css_main_element=&#8220;position: relative;||    z-index: 1;||    transition: all 0.3s ease 0.1s;&#8220; custom_css_after=&#8220;content: %22%22;||    background: #004899;||    width: 4px;||    height: 40%;||    transform: translateY(-50%) rotate(-90deg);||    position: absolute;||    top: 50%;||    right: 0;||    z-index: -1;opacity:1;||margin:0 !important;||display:block;||    transition: all 0.3s;&#8220; global_colors_info=&#8220;{}&#8220; custom_css_after__hover_enabled=&#8220;on|hover&#8220; custom_css_after__hover=&#8220;opacity: 0 !important;||    transform: rotate(0);&#8220; custom_css_before__hover_enabled=&#8220;on|hover&#8220; custom_css_before__hover=&#8220; background: #004899;||    width: 100%;||    height: 100%;||    transition-delay: 0.1s;&#8220; button_text_color__hover_enabled=&#8220;on|hover&#8220; button_text_color__hover=&#8220;#FFFFFF&#8220; sticky_enabled=&#8220;0&#8243;][\/et_pb_button][\/et_pb_column][et_pb_column type=&#8220;1_3&#8243; _builder_version=&#8220;4.25.2&#8243; _module_preset=&#8220;default&#8220; border_width_right=&#8220;2px&#8220; border_color_right=&#8220;#004899&#8243; global_colors_info=&#8220;{}&#8220;][et_pb_button button_url=&#8220;https:\/\/hnc-controlling.de\/wp-content\/uploads\/2024\/09\/HNC_ZHS1_USMW_RS485_en.pdf&#8220; url_new_window=&#8220;on&#8220; button_text=&#8220;ZHS1 USMW RS485 englisch&#8220; button_alignment=&#8220;center&#8220; admin_label=&#8220;Button &#8211; 74&#8243; module_class=&#8220;downloadButton&#8220; _builder_version=&#8220;4.27.0&#8243; _module_preset=&#8220;default&#8220; custom_button=&#8220;on&#8220; button_text_color=&#8220;#0A0A0A&#8220; button_bg_color=&#8220;#eaebeb&#8220; button_border_width=&#8220;0px&#8220; button_border_radius=&#8220;10px&#8220; custom_margin=&#8220;|10px|||false|false&#8220; custom_padding=&#8220;15px||15px||true|true&#8220; hover_enabled=&#8220;0&#8243; custom_css_before=&#8220;content: %22%22;||    background: #004899;||    width: 4px;||    height: 40%;||    transform: translateY(-50%);||    position: absolute;||    top: 50%;||    right: 0;||    z-index: -1;opacity:1 !important;||margin:0 !important;||display:block;||    transition: all 0.3s;&#8220; custom_css_main_element=&#8220;position: relative;||    z-index: 1;||    transition: all 0.3s ease 0.1s;&#8220; custom_css_after=&#8220;content: %22%22;||    background: #004899;||    width: 4px;||    height: 40%;||    transform: translateY(-50%) rotate(-90deg);||    position: absolute;||    top: 50%;||    right: 0;||    z-index: -1;opacity:1;||margin:0 !important;||display:block;||    transition: all 0.3s;&#8220; global_colors_info=&#8220;{}&#8220; custom_css_after__hover_enabled=&#8220;on|hover&#8220; custom_css_after__hover=&#8220;opacity: 0 !important;||    transform: rotate(0);&#8220; custom_css_before__hover_enabled=&#8220;on|hover&#8220; custom_css_before__hover=&#8220; background: #004899;||    width: 100%;||    height: 100%;||    transition-delay: 0.1s;&#8220; button_text_color__hover_enabled=&#8220;on|hover&#8220; button_text_color__hover=&#8220;#FFFFFF&#8220; sticky_enabled=&#8220;0&#8243;][\/et_pb_button][et_pb_button button_url=&#8220;https:\/\/hnc-controlling.de\/wp-content\/uploads\/2024\/09\/HNC_ZHS3_USMW_ETH_en.pdf&#8220; url_new_window=&#8220;on&#8220; button_text=&#8220;ZHS3 USMW ETH englisch&#8220; button_alignment=&#8220;center&#8220; admin_label=&#8220;Button &#8211; 74&#8243; module_class=&#8220;downloadButton&#8220; _builder_version=&#8220;4.27.0&#8243; _module_preset=&#8220;default&#8220; custom_button=&#8220;on&#8220; button_text_color=&#8220;#0A0A0A&#8220; button_bg_color=&#8220;#eaebeb&#8220; button_border_width=&#8220;0px&#8220; button_border_radius=&#8220;10px&#8220; custom_margin=&#8220;|10px|||false|false&#8220; custom_padding=&#8220;15px|30px|15px|30px|true|true&#8220; hover_enabled=&#8220;0&#8243; custom_css_before=&#8220;content: %22%22;||    background: #004899;||    width: 4px;||    height: 40%;||    transform: translateY(-50%);||    position: absolute;||    top: 50%;||    right: 0;||    z-index: -1;opacity:1 !important;||margin:0 !important;||display:block;||    transition: all 0.3s;&#8220; custom_css_main_element=&#8220;position: relative;||    z-index: 1;||    transition: all 0.3s ease 0.1s;&#8220; custom_css_after=&#8220;content: %22%22;||    background: #004899;||    width: 4px;||    height: 40%;||    transform: translateY(-50%) rotate(-90deg);||    position: absolute;||    top: 50%;||    right: 0;||    z-index: -1;opacity:1;||margin:0 !important;||display:block;||    transition: all 0.3s;&#8220; global_colors_info=&#8220;{}&#8220; custom_css_after__hover_enabled=&#8220;on|hover&#8220; custom_css_after__hover=&#8220;opacity: 0 !important;||    transform: rotate(0);&#8220; custom_css_before__hover_enabled=&#8220;on|hover&#8220; custom_css_before__hover=&#8220; background: #004899;||    width: 100%;||    height: 100%;||    transition-delay: 0.1s;&#8220; button_text_color__hover_enabled=&#8220;on|hover&#8220; button_text_color__hover=&#8220;#FFFFFF&#8220; sticky_enabled=&#8220;0&#8243;][\/et_pb_button][et_pb_button button_url=&#8220;https:\/\/hnc-controlling.de\/wp-content\/uploads\/2024\/09\/HNC_ZHS1_Installation_Instructions_en_3.0.pdf&#8220; url_new_window=&#8220;on&#8220; button_text=&#8220;ZHS Inst. englisch&#8220; button_alignment=&#8220;center&#8220; admin_label=&#8220;Button &#8211; 74&#8243; module_class=&#8220;downloadButton&#8220; _builder_version=&#8220;4.27.0&#8243; _module_preset=&#8220;default&#8220; custom_button=&#8220;on&#8220; button_text_color=&#8220;#0A0A0A&#8220; button_bg_color=&#8220;#eaebeb&#8220; button_border_width=&#8220;0px&#8220; button_border_radius=&#8220;10px&#8220; custom_margin=&#8220;|10px|||false|false&#8220; custom_padding=&#8220;33px||33px||false|true&#8220; hover_enabled=&#8220;0&#8243; custom_css_before=&#8220;content: %22%22;||    background: #004899;||    width: 4px;||    height: 40%;||    transform: translateY(-50%);||    position: absolute;||    top: 50%;||    right: 0;||    z-index: -1;opacity:1 !important;||margin:0 !important;||display:block;||    transition: all 0.3s;&#8220; custom_css_main_element=&#8220;position: relative;||    z-index: 1;||    transition: all 0.3s ease 0.1s;&#8220; custom_css_after=&#8220;content: %22%22;||    background: #004899;||    width: 4px;||    height: 40%;||    transform: translateY(-50%) rotate(-90deg);||    position: absolute;||    top: 50%;||    right: 0;||    z-index: -1;opacity:1;||margin:0 !important;||display:block;||    transition: all 0.3s;&#8220; global_colors_info=&#8220;{}&#8220; custom_css_after__hover_enabled=&#8220;on|hover&#8220; custom_css_after__hover=&#8220;opacity: 0 !important;||    transform: rotate(0);&#8220; custom_css_before__hover_enabled=&#8220;on|hover&#8220; custom_css_before__hover=&#8220; background: #004899;||    width: 100%;||    height: 100%;||    transition-delay: 0.1s;&#8220; button_text_color__hover_enabled=&#8220;on|hover&#8220; button_text_color__hover=&#8220;#FFFFFF&#8220; sticky_enabled=&#8220;0&#8243;][\/et_pb_button][\/et_pb_column][et_pb_column type=&#8220;1_3&#8243; _builder_version=&#8220;4.25.2&#8243; _module_preset=&#8220;default&#8220; global_colors_info=&#8220;{}&#8220;][et_pb_button button_url=&#8220;https:\/\/hnc-controlling.de\/wp-content\/uploads\/2024\/08\/Zertifikat_Z200314-Objektregistrierung-Fa-HNC.pdf&#8220; url_new_window=&#8220;on&#8220; button_text=&#8220;Zertifikat Z200314-Objektregistrierung&#8220; button_alignment=&#8220;center&#8220; admin_label=&#8220;Button &#8211; 74&#8243; module_class=&#8220;downloadButton&#8220; _builder_version=&#8220;4.27.0&#8243; _module_preset=&#8220;default&#8220; custom_button=&#8220;on&#8220; button_text_color=&#8220;#0A0A0A&#8220; button_bg_color=&#8220;#eaebeb&#8220; button_border_width=&#8220;0px&#8220; button_border_radius=&#8220;10px&#8220; custom_padding=&#8220;15px||15px||true|true&#8220; hover_enabled=&#8220;0&#8243; custom_css_before=&#8220;content: %22%22;||    background: #004899;||    width: 4px;||    height: 40%;||    transform: translateY(-50%);||    position: absolute;||    top: 50%;||    right: 0;||    z-index: -1;opacity:1 !important;||margin:0 !important;||display:block;||    transition: all 0.3s;&#8220; custom_css_main_element=&#8220;position: relative;||    z-index: 1;||    transition: all 0.3s ease 0.1s;&#8220; custom_css_after=&#8220;content: %22%22;||    background: #004899;||    width: 4px;||    height: 40%;||    transform: translateY(-50%) rotate(-90deg);||    position: absolute;||    top: 50%;||    right: 0;||    z-index: -1;opacity:1;||margin:0 !important;||display:block;||    transition: all 0.3s;&#8220; global_colors_info=&#8220;{}&#8220; custom_css_after__hover_enabled=&#8220;on|hover&#8220; custom_css_after__hover=&#8220;opacity: 0 !important;||    transform: rotate(0);&#8220; custom_css_before__hover_enabled=&#8220;on|hover&#8220; custom_css_before__hover=&#8220; background: #004899;||    width: 100%;||    height: 100%;||    transition-delay: 0.1s;&#8220; button_text_color__hover_enabled=&#8220;on|hover&#8220; button_text_color__hover=&#8220;#FFFFFF&#8220; sticky_enabled=&#8220;0&#8243;][\/et_pb_button][et_pb_button button_url=&#8220;https:\/\/hnc-controlling.de\/wp-content\/uploads\/2024\/09\/Zulassung.pdf&#8220; url_new_window=&#8220;on&#8220; button_text=&#8220;Zertifikat Zulassung&#8220; button_alignment=&#8220;center&#8220; admin_label=&#8220;Button &#8211; 74&#8243; module_class=&#8220;downloadButton&#8220; _builder_version=&#8220;4.27.0&#8243; _module_preset=&#8220;default&#8220; custom_button=&#8220;on&#8220; button_text_color=&#8220;#0A0A0A&#8220; button_bg_color=&#8220;#eaebeb&#8220; button_border_width=&#8220;0px&#8220; button_border_radius=&#8220;10px&#8220; custom_padding=&#8220;33px||33px||true|true&#8220; hover_enabled=&#8220;0&#8243; custom_css_before=&#8220;content: %22%22;||    background: #004899;||    width: 4px;||    height: 40%;||    transform: translateY(-50%);||    position: absolute;||    top: 50%;||    right: 0;||    z-index: -1;opacity:1 !important;||margin:0 !important;||display:block;||    transition: all 0.3s;&#8220; custom_css_main_element=&#8220;position: relative;||    z-index: 1;||    transition: all 0.3s ease 0.1s;&#8220; custom_css_after=&#8220;content: %22%22;||    background: #004899;||    width: 4px;||    height: 40%;||    transform: translateY(-50%) rotate(-90deg);||    position: absolute;||    top: 50%;||    right: 0;||    z-index: -1;opacity:1;||margin:0 !important;||display:block;||    transition: all 0.3s;&#8220; global_colors_info=&#8220;{}&#8220; custom_css_after__hover_enabled=&#8220;on|hover&#8220; custom_css_after__hover=&#8220;opacity: 0 !important;||    transform: rotate(0);&#8220; custom_css_before__hover_enabled=&#8220;on|hover&#8220; custom_css_before__hover=&#8220; background: #004899;||    width: 100%;||    height: 100%;||    transition-delay: 0.1s;&#8220; button_text_color__hover_enabled=&#8220;on|hover&#8220; button_text_color__hover=&#8220;#FFFFFF&#8220; sticky_enabled=&#8220;0&#8243;][\/et_pb_button][et_pb_button button_url=&#8220;https:\/\/hnc-controlling.de\/wp-content\/uploads\/2024\/08\/Zertifikat_QM_21391-Z03627_de.pdf&#8220; url_new_window=&#8220;on&#8220; button_text=&#8220;Zertifikat QM&#8220; button_alignment=&#8220;center&#8220; admin_label=&#8220;Button &#8211; 74&#8243; module_class=&#8220;downloadButton&#8220; _builder_version=&#8220;4.27.0&#8243; _module_preset=&#8220;default&#8220; custom_button=&#8220;on&#8220; button_text_color=&#8220;#0A0A0A&#8220; button_bg_color=&#8220;#eaebeb&#8220; button_border_width=&#8220;0px&#8220; button_border_radius=&#8220;10px&#8220; custom_padding=&#8220;33px||33px||true|true&#8220; hover_enabled=&#8220;0&#8243; custom_css_before=&#8220;content: %22%22;||    background: #004899;||    width: 4px;||    height: 40%;||    transform: translateY(-50%);||    position: absolute;||    top: 50%;||    right: 0;||    z-index: -1;opacity:1 !important;||margin:0 !important;||display:block;||    transition: all 0.3s;&#8220; custom_css_main_element=&#8220;position: relative;||    z-index: 1;||    transition: all 0.3s ease 0.1s;&#8220; custom_css_after=&#8220;content: %22%22;||    background: #004899;||    width: 4px;||    height: 40%;||    transform: translateY(-50%) rotate(-90deg);||    position: absolute;||    top: 50%;||    right: 0;||    z-index: -1;opacity:1;||margin:0 !important;||display:block;||    transition: all 0.3s;&#8220; custom_css_free_form=&#8220;.downloadButton{||  width:225px;||  height:100px;||}&#8220; global_colors_info=&#8220;{}&#8220; custom_css_after__hover_enabled=&#8220;on|hover&#8220; custom_css_after__hover=&#8220;opacity: 0 !important;||    transform: rotate(0);&#8220; custom_css_before__hover_enabled=&#8220;on|hover&#8220; custom_css_before__hover=&#8220; background: #004899;||    width: 100%;||    height: 100%;||    transition-delay: 0.1s;&#8220; button_text_color__hover_enabled=&#8220;on|hover&#8220; button_text_color__hover=&#8220;#FFFFFF&#8220; sticky_enabled=&#8220;0&#8243;][\/et_pb_button][\/et_pb_column][\/et_pb_row][\/et_pb_section][et_pb_section fb_built=&#8220;1&#8243; admin_label=&#8220;Sektion&#8220; _builder_version=&#8220;4.25.2&#8243; _module_preset=&#8220;default&#8220; background_color=&#8220;#d1d1d1&#8243; custom_margin=&#8220;-60px||||false|false&#8220; custom_padding=&#8220;0px||50px||false|false&#8220; global_colors_info=&#8220;{}&#8220;][et_pb_row _builder_version=&#8220;4.25.2&#8243; _module_preset=&#8220;default&#8220; background_color=&#8220;#eaebeb&#8220; custom_margin=&#8220;||||false|false&#8220; custom_padding=&#8220;0px|0px|0px|0px|false|false&#8220; border_radii=&#8220;off|||10px|10px&#8220; border_width_all=&#8220;25px&#8220; border_color_all=&#8220;#eaebeb&#8220; box_shadow_style=&#8220;preset3&#8243; global_colors_info=&#8220;{}&#8220;][et_pb_column type=&#8220;4_4&#8243; _builder_version=&#8220;4.24.3&#8243; _module_preset=&#8220;default&#8220; global_colors_info=&#8220;{}&#8220;][et_pb_text admin_label=&#8220;Text&#8220; _builder_version=&#8220;4.27.0&#8243; _module_preset=&#8220;default&#8220; text_text_color=&#8220;#FFFFFF&#8220; header_text_color=&#8220;#FFFFFF&#8220; header_font_size=&#8220;57px&#8220; header_2_text_color=&#8220;#FFFFFF&#8220; header_2_font_size=&#8220;53px&#8220; background_image=&#8220;https:\/\/hnc-controlling.de\/wp-content\/uploads\/2023\/11\/IMG_0273-scaled.jpg&#8220; custom_margin=&#8220;25px||0px||false|false&#8220; custom_padding=&#8220;200px|50px|50px|50px|false|false&#8220; text_text_shadow_style=&#8220;preset4&#8243; border_radii=&#8220;on|25px|25px|25px|25px&#8220; global_colors_info=&#8220;{}&#8220;]<\/p>\n<p>Our Business<\/p>\n<p>&nbsp;<\/p>\n<h2>Contemporary solutions for complex requirements<\/h2>\n<h1><strong>HNC<\/strong><\/h1>\n<p>[\/et_pb_text][\/et_pb_column][\/et_pb_row][\/et_pb_section]<\/p>","protected":false},"excerpt":{"rendered":"<p>HNC Kompetenz in Sachen Bahnanwendungen &nbsp; Die Steuerung und Bedienung von Systemen der Reisenden Information ist wichtiger denn je. HNC Hardware und Software unterst\u00fctzt diese Systeme auf Bahnh\u00f6fen und in Z\u00fcgen.DownloadsDownloadUnser Business &nbsp; Zeitgem\u00e4\u00dfe L\u00f6sungen f\u00fcr komplexe Anforderungen HNC<\/p>","protected":false},"author":1,"featured_media":0,"parent":0,"menu_order":0,"comment_status":"closed","ping_status":"closed","template":"","meta":{"_et_pb_use_builder":"on","_et_pb_old_content":"","_et_gb_content_width":"","footnotes":""},"class_list":["post-513","page","type-page","status-publish","hentry"],"_links":{"self":[{"href":"https:\/\/hnc-controlling.de\/en\/wp-json\/wp\/v2\/pages\/513","targetHints":{"allow":["GET"]}}],"collection":[{"href":"https:\/\/hnc-controlling.de\/en\/wp-json\/wp\/v2\/pages"}],"about":[{"href":"https:\/\/hnc-controlling.de\/en\/wp-json\/wp\/v2\/types\/page"}],"author":[{"embeddable":true,"href":"https:\/\/hnc-controlling.de\/en\/wp-json\/wp\/v2\/users\/1"}],"replies":[{"embeddable":true,"href":"https:\/\/hnc-controlling.de\/en\/wp-json\/wp\/v2\/comments?post=513"}],"version-history":[{"count":88,"href":"https:\/\/hnc-controlling.de\/en\/wp-json\/wp\/v2\/pages\/513\/revisions"}],"predecessor-version":[{"id":987494204,"href":"https:\/\/hnc-controlling.de\/en\/wp-json\/wp\/v2\/pages\/513\/revisions\/987494204"}],"wp:attachment":[{"href":"https:\/\/hnc-controlling.de\/en\/wp-json\/wp\/v2\/media?parent=513"}],"curies":[{"name":"wp","href":"https:\/\/api.w.org\/{rel}","templated":true}]}}