{"id":436,"date":"2024-04-09T17:48:41","date_gmt":"2024-04-09T15:48:41","guid":{"rendered":"https:\/\/dev.hnc-controlling.de\/?page_id=436"},"modified":"2024-09-23T14:36:32","modified_gmt":"2024-09-23T12:36:32","slug":"home-2","status":"publish","type":"page","link":"https:\/\/hnc-controlling.de\/en\/","title":{"rendered":"Home"},"content":{"rendered":"<p>[et_pb_section fb_built=&#8220;1&#8243; admin_label=&#8220;Sektion&#8220; _builder_version=&#8220;4.25.2&#8243; _module_preset=&#8220;default&#8220; background_color=&#8220;#d1d1d1&#8243; min_height=&#8220;300px&#8220; custom_margin=&#8220;||||false|false&#8220; custom_padding=&#8220;||26px|||&#8220; global_colors_info=&#8220;{}&#8220;][et_pb_row column_structure=&#8220;1_3,1_3,1_3&#8243; use_custom_gutter=&#8220;on&#8220; gutter_width=&#8220;1&#8243; make_equal=&#8220;on&#8220; _builder_version=&#8220;4.25.2&#8243; _module_preset=&#8220;default&#8220; background_color=&#8220;#eaebeb&#8220; max_height=&#8220;1000px&#8220; custom_margin=&#8220;|auto||auto|false|false&#8220; custom_padding=&#8220;0px|0px|0px|0px|false|false&#8220; border_radii=&#8220;on|10px|10px|10px|10px&#8220; border_width_all=&#8220;25px&#8220; border_color_all=&#8220;#eaebeb&#8220; global_colors_info=&#8220;{}&#8220;][et_pb_column type=&#8220;1_3&#8243; _builder_version=&#8220;4.24.2&#8243; _module_preset=&#8220;default&#8220; global_colors_info=&#8220;{}&#8220;][et_pb_text _builder_version=&#8220;4.27.0&#8243; _module_preset=&#8220;default&#8220; text_text_color=&#8220;#FFFFFF&#8220; text_line_height=&#8220;1.3em&#8220; header_text_color=&#8220;#FFFFFF&#8220; header_font_size=&#8220;39px&#8220; header_2_text_color=&#8220;#FFFFFF&#8220; header_2_font_size=&#8220;32px&#8220; header_5_font=&#8220;|600|||||||&#8220; header_5_text_color=&#8220;#FFFFFF&#8220; header_5_line_height=&#8220;2.4em&#8220; background_color=&#8220;#004899&#8243; height=&#8220;100%&#8220; custom_margin=&#8220;0px|8px|-180px|0px|false|false&#8220; custom_padding=&#8220;5%|28px|20.5%|40px|false|false&#8220; border_radii=&#8220;on|10px|10px|10px|10px&#8220; global_colors_info=&#8220;{}&#8220;]<\/p>\n<h1><strong>HNC<\/strong><\/h1>\n<h5><strong>Expertise in railway applications<\/strong><\/h5>\n<p>&nbsp;<\/p>\n<p>Die Steuerung und die Bedienung von Systemen der Reisenden Information sind wichtiger denn je.<\/p>\n<p>HNC hardware and software supports these systems on stations and in trains.<\/p>\n<p>[\/et_pb_text][\/et_pb_column][et_pb_column type=&#8220;1_3&#8243; _builder_version=&#8220;4.24.2&#8243; _module_preset=&#8220;default&#8220; global_colors_info=&#8220;{}&#8220;][et_pb_image src=&#8220;https:\/\/hnc-controlling.de\/wp-content\/uploads\/2024\/06\/HNC_Firma_NEU.jpg&#8220; title_text=&#8220;HNC_Firma_NEU&#8220; _builder_version=&#8220;4.27.0&#8243; _module_preset=&#8220;default&#8220; custom_margin=&#8220;|0px||0px|false|false&#8220; custom_padding=&#8220;0px|5px|3px||false|false&#8220; border_radii=&#8220;on|10px|10px|10px|10px&#8220; global_colors_info=&#8220;{}&#8220;][\/et_pb_image][\/et_pb_column][et_pb_column type=&#8220;1_3&#8243; _builder_version=&#8220;4.24.2&#8243; _module_preset=&#8220;default&#8220; global_colors_info=&#8220;{}&#8220;][et_pb_image src=&#8220;https:\/\/hnc-controlling.de\/wp-content\/uploads\/2024\/06\/HNC_Bueroflaechen_NEU.jpg&#8220; title_text=&#8220;HNC_Bueroflaechen_NEU&#8220; _builder_version=&#8220;4.27.0&#8243; _module_preset=&#8220;default&#8220; custom_margin=&#8220;|0px|0px|0px|false|false&#8220; custom_padding=&#8220;0px||0px|3px|false|false&#8220; border_radii=&#8220;on|10px|10px|10px|10px&#8220; global_colors_info=&#8220;{}&#8220;][\/et_pb_image][\/et_pb_column][\/et_pb_row][\/et_pb_section][et_pb_section fb_built=&#8220;1&#8243; _builder_version=&#8220;4.25.2&#8243; _module_preset=&#8220;default&#8220; background_color=&#8220;#d1d1d1&#8243; custom_margin=&#8220;0px||0px||false|false&#8220; custom_padding=&#8220;8px||0px||false|false&#8220; global_colors_info=&#8220;{}&#8220;][et_pb_row column_structure=&#8220;1_2,1_2&#8243; admin_label=&#8220;Zeile&#8220; _builder_version=&#8220;4.25.2&#8243; _module_preset=&#8220;default&#8220; background_color=&#8220;#FFFFFF&#8220; min_height=&#8220;529.6px&#8220; custom_margin=&#8220;25px|auto|0px|auto|false|false&#8220; custom_padding=&#8220;0px|25px|0px|25px|false|false&#8220; border_radii=&#8220;off|10px|10px||&#8220; border_width_all=&#8220;25px&#8220; border_color_all=&#8220;#eaebeb&#8220; global_colors_info=&#8220;{}&#8220;][et_pb_column type=&#8220;1_2&#8243; _builder_version=&#8220;4.24.2&#8243; _module_preset=&#8220;default&#8220; global_colors_info=&#8220;{}&#8220;][et_pb_text _builder_version=&#8220;4.24.3&#8243; _module_preset=&#8220;default&#8220; text_text_color=&#8220;#0A0A0A&#8220; header_text_color=&#8220;#0A0A0A&#8220; header_font_size=&#8220;42px&#8220; custom_padding=&#8220;40px|||60px||&#8220; border_radii=&#8220;on|10px|10px|10px|10px&#8220; global_colors_info=&#8220;{}&#8220;]<\/p>\n<h1><strong>HNC train stop sensors<\/strong><\/h1>\n<h1>Reliable detection in all weather conditions<\/h1>\n<p>&nbsp;<\/p>\n<p>&nbsp;<\/p>\n<p><strong>HNC train stopping sensors detect the different states in which a train can be in the station.<\/strong><\/p>\n<p>The recorded states are forwarded via various interfaces in order to then operate acoustic and visual systems for passenger information (PIS) at the station. Our sensors are used to switch advertisements and displays, activate loudspeaker announcements or intelligently manage lighting systems.<\/p>\n<p>The use of various technologies ensures effective detection even under adverse conditions. Furthermore, special adaptations can be realised.<\/p>\n<p>&nbsp;<\/p>\n<p>[\/et_pb_text][et_pb_button button_text=&#8220;Info&#8220; _builder_version=&#8220;4.25.2&#8243; _module_preset=&#8220;default&#8220; custom_button=&#8220;on&#8220; button_text_color=&#8220;#FFFFFF&#8220; button_bg_color=&#8220;#004899&#8243; button_border_radius=&#8220;60px&#8220; custom_margin=&#8220;-30px||22px|60px|false|false&#8220; custom_padding=&#8220;|||14px||&#8220; global_colors_info=&#8220;{}&#8220;][\/et_pb_button][\/et_pb_column][et_pb_column type=&#8220;1_2&#8243; _builder_version=&#8220;4.24.2&#8243; _module_preset=&#8220;default&#8220; global_colors_info=&#8220;{}&#8220;][et_pb_image src=&#8220;https:\/\/hnc-controlling.de\/wp-content\/uploads\/2024\/05\/sensor_li_640-Kopie.jpeg&#8220; title_text=&#8220;sensor_li_640 Kopie&#8220; _builder_version=&#8220;4.27.0&#8243; _module_preset=&#8220;default&#8220; custom_margin=&#8220;|||50px|false|false&#8220; custom_padding=&#8220;46px|||||&#8220; global_colors_info=&#8220;{}&#8220;][\/et_pb_image][\/et_pb_column][\/et_pb_row][\/et_pb_section][et_pb_section fb_built=&#8220;1&#8243; _builder_version=&#8220;4.25.2&#8243; _module_preset=&#8220;default&#8220; background_color=&#8220;#d1d1d1&#8243; min_height=&#8220;977.5px&#8220; custom_margin=&#8220;0px||||false|false&#8220; custom_padding=&#8220;0px||0px||false|false&#8220; global_colors_info=&#8220;{}&#8220;][et_pb_row _builder_version=&#8220;4.25.2&#8243; _module_preset=&#8220;default&#8220; background_color=&#8220;#FFFFFF&#8220; custom_margin=&#8220;0px||||false|false&#8220; custom_padding=&#8220;0px|0px|0px|0px|false|false&#8220; border_radii=&#8220;off|||10px|10px&#8220; border_width_all=&#8220;25px&#8220; border_color_all=&#8220;#eaebeb&#8220; global_colors_info=&#8220;{}&#8220;][et_pb_column type=&#8220;4_4&#8243; _builder_version=&#8220;4.24.3&#8243; _module_preset=&#8220;default&#8220; global_colors_info=&#8220;{}&#8220;][et_pb_text admin_label=&#8220;Text&#8220; _builder_version=&#8220;4.25.2&#8243; _module_preset=&#8220;default&#8220; header_font_size=&#8220;66px&#8220; background_color=&#8220;#FFFFFF&#8220; transform_translate=&#8220;-4px|-25px&#8220; min_height=&#8220;67px&#8220; custom_margin=&#8220;||0px|4px|false|false&#8220; custom_padding=&#8220;106px|||77px|false|false&#8220; global_colors_info=&#8220;{}&#8220;]<\/p>\n<h1><strong>NEWS<\/strong><\/h1>\n<p>[\/et_pb_text][et_pb_post_slider include_categories=&#8220;5&#8243; more_text=&#8220;News&#8220; image_placement=&#8220;left&#8220; use_bg_overlay=&#8220;off&#8220; use_text_overlay=&#8220;off&#8220; arrows_custom_color=&#8220;#0A0A0A&#8220; dot_nav_custom_color=&#8220;#0A0A0A&#8220; admin_label=&#8220;news slider&#8220; _builder_version=&#8220;4.25.2&#8243; _module_preset=&#8220;default&#8220; header_text_color=&#8220;#0A0A0A&#8220; body_text_color=&#8220;#0A0A0A&#8220; meta_text_color=&#8220;#0A0A0A&#8220; background_color=&#8220;#FFFFFF&#8220; background_enable_image=&#8220;off&#8220; background_size=&#8220;stretch&#8220; background_blend=&#8220;overlay&#8220; custom_button=&#8220;on&#8220; button_text_size=&#8220;18px&#8220; button_bg_color=&#8220;#426EB7&#8243; button_border_color=&#8220;RGBA(255,255,255,0)&#8220; button_border_radius=&#8220;27px&#8220; custom_margin=&#8220;-30px||||false|false&#8220; custom_padding=&#8220;131px||||false|false&#8220; custom_css_free_form=&#8220;background-color: white&#8220; global_colors_info=&#8220;{}&#8220;][\/et_pb_post_slider][\/et_pb_column][\/et_pb_row][\/et_pb_section]<\/p>","protected":false},"excerpt":{"rendered":"<p>HNC Kompetenz in Sachen Bahnanwendungen &nbsp; Die Steuerung und die Bedienung von Systemen der Reisenden Information sind wichtiger denn je. HNC Hardware und Software unterst\u00fctzt diese Systeme auf Bahnh\u00f6fen und in Z\u00fcgen.HNC Zughaltsensoren Zuverl\u00e4ssige Detektion bei jeder Witterung &nbsp; &nbsp; HNC Zughaltesensoren detektieren die verschiedenen Zust\u00e4nde, in denen sich ein Zug im Bahnhof befinden kann. [&hellip;]<\/p>","protected":false},"author":1,"featured_media":0,"parent":0,"menu_order":0,"comment_status":"closed","ping_status":"closed","template":"","meta":{"_et_pb_use_builder":"on","_et_pb_old_content":"","_et_gb_content_width":"","footnotes":""},"class_list":["post-436","page","type-page","status-publish","hentry"],"_links":{"self":[{"href":"https:\/\/hnc-controlling.de\/en\/wp-json\/wp\/v2\/pages\/436","targetHints":{"allow":["GET"]}}],"collection":[{"href":"https:\/\/hnc-controlling.de\/en\/wp-json\/wp\/v2\/pages"}],"about":[{"href":"https:\/\/hnc-controlling.de\/en\/wp-json\/wp\/v2\/types\/page"}],"author":[{"embeddable":true,"href":"https:\/\/hnc-controlling.de\/en\/wp-json\/wp\/v2\/users\/1"}],"replies":[{"embeddable":true,"href":"https:\/\/hnc-controlling.de\/en\/wp-json\/wp\/v2\/comments?post=436"}],"version-history":[{"count":127,"href":"https:\/\/hnc-controlling.de\/en\/wp-json\/wp\/v2\/pages\/436\/revisions"}],"predecessor-version":[{"id":987494207,"href":"https:\/\/hnc-controlling.de\/en\/wp-json\/wp\/v2\/pages\/436\/revisions\/987494207"}],"wp:attachment":[{"href":"https:\/\/hnc-controlling.de\/en\/wp-json\/wp\/v2\/media?parent=436"}],"curies":[{"name":"wp","href":"https:\/\/api.w.org\/{rel}","templated":true}]}}